{"id":1090,"date":"2022-07-08T02:08:55","date_gmt":"2022-07-08T02:08:55","guid":{"rendered":"https:\/\/nampeltour.cl\/?page_id=1090"},"modified":"2022-07-08T02:19:21","modified_gmt":"2022-07-08T02:19:21","slug":"reservas-tour","status":"publish","type":"page","link":"https:\/\/nampeltour.cl\/index.php\/reservas-tour\/","title":{"rendered":"Reserva Tours"},"content":{"rendered":"<div class=\"wpforms-container wpforms-container-full wpforms-block\" id=\"wpforms-1088\"><form id=\"wpforms-form-1088\" class=\"wpforms-validate wpforms-form\" data-formid=\"1088\" method=\"post\" enctype=\"multipart\/form-data\" action=\"\/index.php\/wp-json\/wp\/v2\/pages\/1090\" data-token=\"f5563132d673c317832b6ea77c1c67ae\" data-token-time=\"1775900282\"><noscript class=\"wpforms-error-noscript\">Por favor, activa JavaScript en tu navegador para completar este formulario.<\/noscript><div class=\"wpforms-field-container\"><div id=\"wpforms-1088-field_1-container\" class=\"wpforms-field wpforms-field-name\" data-field-id=\"1\"><label class=\"wpforms-field-label\">Nombre Completo <span class=\"wpforms-required-label\">*<\/span><\/label><div class=\"wpforms-field-row wpforms-field-medium\"><div class=\"wpforms-field-row-block wpforms-first wpforms-one-half\"><input type=\"text\" id=\"wpforms-1088-field_1\" class=\"wpforms-field-name-first wpforms-field-required\" name=\"wpforms[fields][1][first]\" required><label for=\"wpforms-1088-field_1\" class=\"wpforms-field-sublabel after\">Nombre<\/label><\/div><div class=\"wpforms-field-row-block wpforms-one-half\"><input type=\"text\" id=\"wpforms-1088-field_1-last\" class=\"wpforms-field-name-last wpforms-field-required\" name=\"wpforms[fields][1][last]\" required><label for=\"wpforms-1088-field_1-last\" class=\"wpforms-field-sublabel after\">Apellidos<\/label><\/div><\/div><div class=\"wpforms-field-description\">Es importante ingresar nombre de alg\u00fan(a) pasajero(a)<\/div><\/div><div id=\"wpforms-1088-field_3-container\" class=\"wpforms-field wpforms-field-text\" data-field-id=\"3\"><label class=\"wpforms-field-label\" for=\"wpforms-1088-field_3\">Direcci\u00f3n recogida <span class=\"wpforms-required-label\">*<\/span><\/label><input type=\"text\" id=\"wpforms-1088-field_3\" class=\"wpforms-field-medium wpforms-field-required\" name=\"wpforms[fields][3]\" placeholder=\"\u00bf D\u00f3nde te pasamos a buscar ?\" required><div class=\"wpforms-field-description\">Calle, n\u00famero y comuna \/ Hotel<\/div><\/div><div id=\"wpforms-1088-field_15-container\" class=\"wpforms-field wpforms-field-radio wpforms-list-3-columns\" data-field-id=\"15\"><label class=\"wpforms-field-label\">Cu\u00e1l experiencia buscas? <span class=\"wpforms-required-label\">*<\/span><\/label><ul id=\"wpforms-1088-field_15\" class=\"wpforms-field-required\"><li class=\"choice-25 depth-1\"><input type=\"radio\" id=\"wpforms-1088-field_15_25\" name=\"wpforms[fields][15]\" value=\"Andes Panor\u00e1mico\" required ><label class=\"wpforms-field-label-inline\" for=\"wpforms-1088-field_15_25\">Andes Panor\u00e1mico<\/label><\/li><li class=\"choice-13 depth-1\"><input type=\"radio\" id=\"wpforms-1088-field_15_13\" name=\"wpforms[fields][15]\" value=\"Vi\u00f1a del Mar - Valpara\u00edso\" required ><label class=\"wpforms-field-label-inline\" for=\"wpforms-1088-field_15_13\">Vi\u00f1a del Mar &#8211; Valpara\u00edso<\/label><\/li><li class=\"choice-17 depth-1\"><input type=\"radio\" id=\"wpforms-1088-field_15_17\" name=\"wpforms[fields][15]\" value=\"Caj\u00f3n del Maipo - Aguas Termales\" required ><label class=\"wpforms-field-label-inline\" for=\"wpforms-1088-field_15_17\">Caj\u00f3n del Maipo &#8211; Aguas Termales<\/label><\/li><li class=\"choice-26 depth-1\"><input type=\"radio\" id=\"wpforms-1088-field_15_26\" name=\"wpforms[fields][15]\" value=\"Parque Farellones\" required ><label class=\"wpforms-field-label-inline\" for=\"wpforms-1088-field_15_26\">Parque Farellones<\/label><\/li><li class=\"choice-28 depth-1\"><input type=\"radio\" id=\"wpforms-1088-field_15_28\" name=\"wpforms[fields][15]\" value=\"SKIDAY Parque Farellones\" required ><label class=\"wpforms-field-label-inline\" for=\"wpforms-1088-field_15_28\">SKIDAY Parque Farellones<\/label><\/li><li class=\"choice-27 depth-1\"><input type=\"radio\" id=\"wpforms-1088-field_15_27\" name=\"wpforms[fields][15]\" value=\"SKIDAY El Colorado\" required ><label class=\"wpforms-field-label-inline\" for=\"wpforms-1088-field_15_27\">SKIDAY El Colorado<\/label><\/li><li class=\"choice-23 depth-1\"><input type=\"radio\" id=\"wpforms-1088-field_15_23\" name=\"wpforms[fields][15]\" value=\"Valle de Casablanca Wine Tour\" required ><label class=\"wpforms-field-label-inline\" for=\"wpforms-1088-field_15_23\">Valle de Casablanca Wine Tour<\/label><\/li><li class=\"choice-14 depth-1\"><input type=\"radio\" id=\"wpforms-1088-field_15_14\" name=\"wpforms[fields][15]\" value=\"Litoral Central\" required ><label class=\"wpforms-field-label-inline\" for=\"wpforms-1088-field_15_14\">Litoral Central<\/label><\/li><li class=\"choice-24 depth-1\"><input type=\"radio\" id=\"wpforms-1088-field_15_24\" name=\"wpforms[fields][15]\" value=\"Vinicola Alyan \" required ><label class=\"wpforms-field-label-inline\" for=\"wpforms-1088-field_15_24\">Vinicola Alyan<\/label><\/li><li class=\"choice-15 depth-1\"><input type=\"radio\" id=\"wpforms-1088-field_15_15\" name=\"wpforms[fields][15]\" value=\"Vi\u00f1a Undurraga + Litoral de los Poetas\" required ><label class=\"wpforms-field-label-inline\" for=\"wpforms-1088-field_15_15\">Vi\u00f1a Undurraga + Litoral de los Poetas<\/label><\/li><li class=\"choice-16 depth-1\"><input type=\"radio\" id=\"wpforms-1088-field_15_16\" name=\"wpforms[fields][15]\" value=\"Valle del Maipo Wine Tour\" required ><label class=\"wpforms-field-label-inline\" for=\"wpforms-1088-field_15_16\">Valle del Maipo Wine Tour<\/label><\/li><li class=\"choice-18 depth-1\"><input type=\"radio\" id=\"wpforms-1088-field_15_18\" name=\"wpforms[fields][15]\" value=\"Caj\u00f3n del Maipo - Embalse El Yeso\" required ><label class=\"wpforms-field-label-inline\" for=\"wpforms-1088-field_15_18\">Caj\u00f3n del Maipo &#8211; Embalse El Yeso<\/label><\/li><li class=\"choice-19 depth-1\"><input type=\"radio\" id=\"wpforms-1088-field_15_19\" name=\"wpforms[fields][15]\" value=\"Caj\u00f3n del Maipo - Parapente(Verano)\" required ><label class=\"wpforms-field-label-inline\" for=\"wpforms-1088-field_15_19\">Caj\u00f3n del Maipo &#8211; Parapente(Verano)<\/label><\/li><li class=\"choice-21 depth-1\"><input type=\"radio\" id=\"wpforms-1088-field_15_21\" name=\"wpforms[fields][15]\" value=\"Portillo-Laguna del Inca (Panor\u00e1mico)\" required ><label class=\"wpforms-field-label-inline\" for=\"wpforms-1088-field_15_21\">Portillo-Laguna del Inca (Panor\u00e1mico)<\/label><\/li><\/ul><\/div><div id=\"wpforms-1088-field_9-container\" class=\"wpforms-field wpforms-field-text\" data-field-id=\"9\"><label class=\"wpforms-field-label\" for=\"wpforms-1088-field_9\">Fecha de reserva <span class=\"wpforms-required-label\">*<\/span><\/label><input type=\"text\" id=\"wpforms-1088-field_9\" class=\"wpforms-field-small wpforms-field-required\" name=\"wpforms[fields][9]\" placeholder=\"dd-mm-aa\" required><\/div><div id=\"wpforms-1088-field_12-container\" class=\"wpforms-field wpforms-field-text\" data-field-id=\"12\"><label class=\"wpforms-field-label\" for=\"wpforms-1088-field_12\">Numero de contacto <span class=\"wpforms-required-label\">*<\/span><\/label><input type=\"text\" id=\"wpforms-1088-field_12\" class=\"wpforms-field-small wpforms-field-required\" name=\"wpforms[fields][12]\" placeholder=\"+56 9 9876 5432\" required><div class=\"wpforms-field-description\">Si no puede ingresar el s\u00edmbolo + rempl\u00e1celo por un 0.<\/div><\/div><div id=\"wpforms-1088-field_6-container\" class=\"wpforms-field wpforms-field-email\" data-field-id=\"6\"><label class=\"wpforms-field-label\" for=\"wpforms-1088-field_6\">Correo electr\u00f3nico <span class=\"wpforms-required-label\">*<\/span><\/label><input type=\"email\" id=\"wpforms-1088-field_6\" class=\"wpforms-field-medium wpforms-field-required\" name=\"wpforms[fields][6]\" spellcheck=\"false\" required><div class=\"wpforms-field-description\">A esta direcci\u00f3n, enviaremos la confirmaci\u00f3n de reserva.<\/div><\/div><div id=\"wpforms-1088-field_5-container\" class=\"wpforms-field wpforms-field-number\" data-field-id=\"5\"><label class=\"wpforms-field-label\" for=\"wpforms-1088-field_5\">Cantidad de Adultos(as) <span class=\"wpforms-required-label\">*<\/span><\/label><input type=\"number\" id=\"wpforms-1088-field_5\" class=\"wpforms-field-medium wpforms-field-required\" name=\"wpforms[fields][5]\" step=\"any\" required><div class=\"wpforms-field-description\">Importante indicar esta informaci\u00f3n \r\n(Parque Farellones \r\nestatura sobre 1.21cms paga adulto)<\/div><\/div><div id=\"wpforms-1088-field_20-container\" class=\"wpforms-field wpforms-field-number\" data-field-id=\"20\"><label class=\"wpforms-field-label\" for=\"wpforms-1088-field_20\">Cantidad de Ni\u00f1os(as)<\/label><input type=\"number\" id=\"wpforms-1088-field_20\" class=\"wpforms-field-medium\" name=\"wpforms[fields][20]\" step=\"any\" ><div class=\"wpforms-field-description\">Seg\u00fan esta informaci\u00f3n es el valor de su paquete tur\u00edstico<\/div><\/div><div id=\"wpforms-1088-field_11-container\" class=\"wpforms-field wpforms-field-textarea\" data-field-id=\"11\"><label class=\"wpforms-field-label\" for=\"wpforms-1088-field_11\">\u00bf Deseas A\u00f1adir algo ?<\/label><textarea id=\"wpforms-1088-field_11\" class=\"wpforms-field-medium\" name=\"wpforms[fields][11]\" placeholder=\"Ingrese aqu\u00ed los detalles que desee\" ><\/textarea><div class=\"wpforms-field-description\">M\u00e1s direcciones \/ Referencias \/ Otras paradas \/ Datos Comerciales \/ Sugerencias y\/o Reclamos, etc&#8230;<\/div><\/div><\/div><!-- .wpforms-field-container --><div class=\"wpforms-submit-container\" ><input type=\"hidden\" name=\"wpforms[id]\" value=\"1088\"><input type=\"hidden\" name=\"page_title\" value=\"\"><input type=\"hidden\" name=\"page_url\" value=\"https:\/\/nampeltour.cl\/index.php\/wp-json\/wp\/v2\/pages\/1090\"><input type=\"hidden\" name=\"url_referer\" value=\"\"><button type=\"submit\" name=\"wpforms[submit]\" id=\"wpforms-submit-1088\" class=\"wpforms-submit\" data-alt-text=\"Enviando...\" data-submit-text=\"Enviar\" aria-live=\"assertive\" value=\"wpforms-submit\">Enviar<\/button><\/div><\/form><\/div>  <!-- .wpforms-container -->","protected":false},"excerpt":{"rendered":"","protected":false},"author":1,"featured_media":0,"parent":0,"menu_order":0,"comment_status":"closed","ping_status":"closed","template":"","meta":{"footnotes":""},"jetpack_sharing_enabled":true,"_links":{"self":[{"href":"https:\/\/nampeltour.cl\/index.php\/wp-json\/wp\/v2\/pages\/1090"}],"collection":[{"href":"https:\/\/nampeltour.cl\/index.php\/wp-json\/wp\/v2\/pages"}],"about":[{"href":"https:\/\/nampeltour.cl\/index.php\/wp-json\/wp\/v2\/types\/page"}],"author":[{"embeddable":true,"href":"https:\/\/nampeltour.cl\/index.php\/wp-json\/wp\/v2\/users\/1"}],"replies":[{"embeddable":true,"href":"https:\/\/nampeltour.cl\/index.php\/wp-json\/wp\/v2\/comments?post=1090"}],"version-history":[{"count":3,"href":"https:\/\/nampeltour.cl\/index.php\/wp-json\/wp\/v2\/pages\/1090\/revisions"}],"predecessor-version":[{"id":1100,"href":"https:\/\/nampeltour.cl\/index.php\/wp-json\/wp\/v2\/pages\/1090\/revisions\/1100"}],"wp:attachment":[{"href":"https:\/\/nampeltour.cl\/index.php\/wp-json\/wp\/v2\/media?parent=1090"}],"curies":[{"name":"wp","href":"https:\/\/api.w.org\/{rel}","templated":true}]}}