{"id":1213,"date":"2022-11-10T17:46:34","date_gmt":"2022-11-10T20:46:34","guid":{"rendered":"https:\/\/nampeltour.cl\/?post_type=product&#038;p=1213"},"modified":"2025-01-20T18:11:22","modified_gmt":"2025-01-20T21:11:22","slug":"transfer-nunoa","status":"publish","type":"product","link":"https:\/\/nampeltour.cl\/index.php\/producto\/transfer-nunoa\/","title":{"rendered":"Transfer desde \u00f3 hacia \u00d1u\u00f1oa"},"content":{"rendered":"<p>Transfer privado de 1 a 7 pasajeros.<\/p>\n<ul>\n<li>Veh\u00edculo de Transporte Privado.<\/li>\n<li>Aire acondicionado.<\/li>\n<li>Seguro contra Accidentes de transito.<\/li>\n<li>Chofer Profesional.<\/li>\n<li>Hacia el aeropuerto, desembarca en tercer piso.<\/li>\n<li>Desde aeropuerto, chofer contacta para el encuentro.<\/li>\n<\/ul>\n<p>&nbsp;<\/p>\n<p>No incluye:<\/p>\n<ul>\n<li>Paradas adicionales<\/li>\n<li>Cambios de ruta<\/li>\n<li>Cobros en efectivo<\/li>\n<li>Propinas<\/li>\n<\/ul>\n<p>Deseas cotizar una cantidad mayor ? Cont\u00e1ctanos directo nuestro whatsapp: <a href=\"http:\/\/wa.me\/56966172550\">Haz Click aqu\u00ed !<\/a><\/p>\n","protected":false},"excerpt":{"rendered":"<p>Por transporte <strong>desde o hacia \u00d1u\u00f1oa.<\/strong><\/p>\n<p>Una vez a\u00f1adido el carrito y <strong>finalizar compra<\/strong>, podr\u00e1 <strong>ingresar<\/strong> todos sus <strong>datos<\/strong> para el viaje.<\/p>\n<p>&nbsp;<\/p>\n","protected":false},"featured_media":1170,"comment_status":"open","ping_status":"closed","template":"","meta":[],"product_cat":[31,25],"product_tag":[],"jetpack_sharing_enabled":true,"_links":{"self":[{"href":"https:\/\/nampeltour.cl\/index.php\/wp-json\/wp\/v2\/product\/1213"}],"collection":[{"href":"https:\/\/nampeltour.cl\/index.php\/wp-json\/wp\/v2\/product"}],"about":[{"href":"https:\/\/nampeltour.cl\/index.php\/wp-json\/wp\/v2\/types\/product"}],"replies":[{"embeddable":true,"href":"https:\/\/nampeltour.cl\/index.php\/wp-json\/wp\/v2\/comments?post=1213"}],"wp:featuredmedia":[{"embeddable":true,"href":"https:\/\/nampeltour.cl\/index.php\/wp-json\/wp\/v2\/media\/1170"}],"wp:attachment":[{"href":"https:\/\/nampeltour.cl\/index.php\/wp-json\/wp\/v2\/media?parent=1213"}],"wp:term":[{"taxonomy":"product_cat","embeddable":true,"href":"https:\/\/nampeltour.cl\/index.php\/wp-json\/wp\/v2\/product_cat?post=1213"},{"taxonomy":"product_tag","embeddable":true,"href":"https:\/\/nampeltour.cl\/index.php\/wp-json\/wp\/v2\/product_tag?post=1213"}],"curies":[{"name":"wp","href":"https:\/\/api.w.org\/{rel}","templated":true}]}}